{"id":2,"date":"2017-12-04T19:02:43","date_gmt":"2017-12-04T19:02:43","guid":{"rendered":"http:\/\/alessandradainelli.speedigital.com\/?page_id=2"},"modified":"2026-01-20T16:20:21","modified_gmt":"2026-01-20T16:20:21","slug":"experience","status":"publish","type":"page","link":"https:\/\/www.alessandradainelli.com\/index.php\/experience\/","title":{"rendered":"Experience"},"content":{"rendered":"<\/div><\/div><\/div><!-- close content main div --><\/div><\/div><div id='av_section_1' class='avia-section main_color avia-section-large avia-no-shadow av-section-color-overlay-active avia-bg-style-scroll   av-minimum-height av-minimum-height-custom container_wrap fullsize' style = 'background-color: #fcfcfc; '  ><div class='av-section-color-overlay-wrap'><div class='av-section-color-overlay' style='opacity: 0.7; background-image: url(https:\/\/www.alessandradainelli.com\/wp-content\/themes\/enfold\/images\/background-images\/dots-mini-light.png); background-repeat: repeat;'><\/div><div class='container' style='height:130px'><div class='template-page content  av-content-full alpha units'><div class='post-entry post-entry-type-page post-entry-2'><div class='entry-content-wrapper clearfix'>\n<div class='flex_column_table av-equal-height-column-flextable -flextable' ><div class=\"flex_column av_one_full  av-animated-generic right-to-left  avia-full-contain flex_column_table_cell av-equal-height-column av-align-top av-zero-column-padding first  \" style='border-radius:20px; '><div style='padding-bottom:10px;color:#ff0000;font-size:45px;' class='av-special-heading av-special-heading-h5 custom-color-heading blockquote modern-quote modern-centered  av-inherit-size '><h5 class='av-special-heading-tag '  itemprop=\"headline\"  >experience<\/h5><div class='special-heading-border'><div class='special-heading-inner-border' style='border-color:#ff0000'><\/div><\/div><\/div><\/div><\/div><!--close column table wrapper. Autoclose: 1 -->\n\n<div class=\"flex_column av_one_full  av-animated-generic left-to-right  flex_column_div av-zero-column-padding first  \" style='border-radius:0px; '><p><div style='height:50px' class='hr hr-invisible  '><span class='hr-inner ' ><span class='hr-inner-style'><\/span><\/span><\/div><br \/>\n<section class=\"av_textblock_section \"  itemscope=\"itemscope\" itemtype=\"https:\/\/schema.org\/CreativeWork\" ><div class='avia_textblock  '   itemprop=\"text\" ><p style=\"text-align: center;\">Il portfolio di Alessandra Dainelli \u00e8 ricco di esperienze internazionali.<\/p>\n<p style=\"text-align: center;\">Negli ultimi anni le sue consulenze hanno toccato le maggiori citt\u00e0 italiane, europee ed internazionali,<br \/>\ncome Milano, Roma, Firenze, New York, Los Angeles, Parigi, Londra, Seoul, Kiev e non solo.<\/p>\n<\/div><\/section><br \/>\n<section class=\"av_textblock_section \"  itemscope=\"itemscope\" itemtype=\"https:\/\/schema.org\/CreativeWork\" ><div class='avia_textblock  '   itemprop=\"text\" ><p style=\"text-align: center;\">Collaborazioni sviluppate con realt\u00e0 spesso molto diverse tra loro &#8211; da piccoli negozi indipendenti a department store, da siti e-commerce a concept store &#8211; e collocate in mercati dalle caratteristiche distintive, talvolta contrastanti.<\/p>\n<p style=\"text-align: center;\">Sfide ed esperienze differenti che alla luce della situazione di mercato attuale risultano essere ancora pi\u00f9 preziose, considerata la necessit\u00e0 di ragionare sempre pi\u00f9 in un\u2019ottica globale.<\/p>\n<\/div><\/section><br \/>\n<div style='height:50px' class='hr hr-invisible  '><span class='hr-inner ' ><span class='hr-inner-style'><\/span><\/span><\/div><\/p><\/div>\n<div class='av-hotspot-image-container avia_animate_when_almost_visible   avia_animated_image avia_animate_when_almost_visible pop-up av-hotspot-blank av-mobile-fallback-active    av-non-fullwidth-hotspot-image '  itemprop=\"ImageObject\" itemscope=\"itemscope\" itemtype=\"https:\/\/schema.org\/ImageObject\"  ><div class='av-hotspot-container'><div class='av-hotspot-container-inner-cell'><div class='av-hotspot-container-inner-wrap'><div class='av-image-hotspot' data-avia-tooltip-position='top' data-avia-tooltip-alignment='left' data-avia-tooltip-class='av-tt-default-width av-tt-pos-above av-tt-align-left  av-mobile-fallback-active  main_color av-tt-hotspot' data-avia-tooltip='&lt;p&gt;&lt;b&gt;TOKYO&lt;b&gt;&lt;\/b&gt;&lt;\/b&gt;&lt;\/p&gt;\n' style='top: 43.6%; left: 82.9%; '><div class='av-image-hotspot_inner' style='background-color: #ec1d25; '>1<\/div><div class='av-image-hotspot-pulse' ><\/div><\/div><div class='av-image-hotspot' data-avia-tooltip-position='top' data-avia-tooltip-alignment='left' data-avia-tooltip-class='av-tt-default-width av-tt-pos-above av-tt-align-left  av-mobile-fallback-active  main_color av-tt-hotspot' data-avia-tooltip='&lt;p&gt;&lt;b&gt;PARIS&lt;\/b&gt;&lt;\/p&gt;\n' style='top: 38.7%; left: 47.4%; '><div class='av-image-hotspot_inner' style='background-color: #ec1d25; '>2<\/div><div class='av-image-hotspot-pulse' ><\/div><\/div><div class='av-image-hotspot' data-avia-tooltip-position='top' data-avia-tooltip-alignment='left' data-avia-tooltip-class='av-tt-default-width av-tt-pos-above av-tt-align-left  av-mobile-fallback-active  main_color av-tt-hotspot' data-avia-tooltip='&lt;p&gt;&lt;b&gt;LOS ANGELES&lt;b&gt;&lt;\/b&gt;&lt;\/b&gt;&lt;\/p&gt;\n' style='top: 46.1%; left: 15.3%; '><div class='av-image-hotspot_inner' style='background-color: #ec1d25; '>3<\/div><div class='av-image-hotspot-pulse' ><\/div><\/div><div class='av-image-hotspot' data-avia-tooltip-position='top' data-avia-tooltip-alignment='left' data-avia-tooltip-class='av-tt-default-width av-tt-pos-above av-tt-align-left  av-mobile-fallback-active  main_color av-tt-hotspot' data-avia-tooltip='&lt;p&gt;&lt;b&gt;ATHENS&lt;\/b&gt;&lt;\/p&gt;\n' style='top: 42.6%; left: 52.4%; '><div class='av-image-hotspot_inner' style='background-color: #ec1d25; '>4<\/div><div class='av-image-hotspot-pulse' ><\/div><\/div><div class='av-image-hotspot' data-avia-tooltip-position='top' data-avia-tooltip-alignment='left' data-avia-tooltip-class='av-tt-default-width av-tt-pos-above av-tt-align-left  av-mobile-fallback-active  main_color av-tt-hotspot' data-avia-tooltip='&lt;p&gt;&lt;b&gt;CHICAGO&lt;\/b&gt;&lt;\/p&gt;\n' style='top: 41.1%; left: 22.7%; '><div class='av-image-hotspot_inner' style='background-color: #ec1d25; '>5<\/div><div class='av-image-hotspot-pulse' ><\/div><\/div><div class='av-image-hotspot' data-avia-tooltip-position='top' data-avia-tooltip-alignment='left' data-avia-tooltip-class='av-tt-default-width av-tt-pos-above av-tt-align-left  av-mobile-fallback-active  main_color av-tt-hotspot' data-avia-tooltip='&lt;p&gt;&lt;b&gt;KIEV&lt;\/b&gt;&lt;\/p&gt;\n' style='top: 36.7%; left: 54.9%; '><div class='av-image-hotspot_inner' style='background-color: #ec1d25; '>6<\/div><div class='av-image-hotspot-pulse' ><\/div><\/div><div class='av-image-hotspot' data-avia-tooltip-position='top' data-avia-tooltip-alignment='left' data-avia-tooltip-class='av-tt-default-width av-tt-pos-above av-tt-align-left  av-mobile-fallback-active  main_color av-tt-hotspot' data-avia-tooltip='&lt;p&gt;&lt;b&gt;BERLIN&lt;\/b&gt;&lt;\/p&gt;\n' style='top: 36%; left: 50%; '><div class='av-image-hotspot_inner' style='background-color: #ec1d25; '>7<\/div><div class='av-image-hotspot-pulse' ><\/div><\/div><div class='av-image-hotspot' data-avia-tooltip-position='top' data-avia-tooltip-alignment='left' data-avia-tooltip-class='av-tt-default-width av-tt-pos-above av-tt-align-left  av-mobile-fallback-active  main_color av-tt-hotspot' data-avia-tooltip='&lt;p&gt;&lt;b&gt;ITALY&lt;\/b&gt;&lt;\/p&gt;\n' style='top: 41.1%; left: 50%; '><div class='av-image-hotspot_inner' style='background-color: #ec1d25; '>8<\/div><div class='av-image-hotspot-pulse' ><\/div><\/div><div class='av-image-hotspot' data-avia-tooltip-position='top' data-avia-tooltip-alignment='left' data-avia-tooltip-class='av-tt-default-width av-tt-pos-above av-tt-align-left  av-mobile-fallback-active  main_color av-tt-hotspot' data-avia-tooltip='&lt;p&gt;&lt;b&gt;ST PETERSBURG&lt;\/b&gt;&lt;\/p&gt;\n' style='top: 31.5%; left: 54.9%; '><div class='av-image-hotspot_inner' style='background-color: #ec1d25; '>9<\/div><div class='av-image-hotspot-pulse' ><\/div><\/div><div class='av-image-hotspot' data-avia-tooltip-position='top' data-avia-tooltip-alignment='left' data-avia-tooltip-class='av-tt-default-width av-tt-pos-above av-tt-align-left  av-mobile-fallback-active  main_color av-tt-hotspot' data-avia-tooltip='&lt;p&gt;&lt;b&gt;MEXICO CITY&lt;\/b&gt;&lt;\/p&gt;\n' style='top: 51.5%; left: 18.8%; '><div class='av-image-hotspot_inner' style='background-color: #ec1d25; '>10<\/div><div class='av-image-hotspot-pulse' ><\/div><\/div><div class='av-image-hotspot' data-avia-tooltip-position='top' data-avia-tooltip-alignment='left' data-avia-tooltip-class='av-tt-default-width av-tt-pos-above av-tt-align-left  av-mobile-fallback-active  main_color av-tt-hotspot' data-avia-tooltip='&lt;p&gt;&lt;b&gt;SEOUL&lt;\/b&gt;&lt;\/p&gt;\n' style='top: 43.2%; left: 80.8%; '><div class='av-image-hotspot_inner' style='background-color: #ec1d25; '>11<\/div><div class='av-image-hotspot-pulse' ><\/div><\/div><div class='av-image-hotspot' data-avia-tooltip-position='top' data-avia-tooltip-alignment='left' data-avia-tooltip-class='av-tt-default-width av-tt-pos-above av-tt-align-left  av-mobile-fallback-active  main_color av-tt-hotspot' data-avia-tooltip='&lt;p&gt;&lt;b&gt;BUCAREST&lt;\/b&gt;&lt;\/p&gt;\n' style='top: 39.6%; left: 53.4%; '><div class='av-image-hotspot_inner' style='background-color: #ec1d25; '>12<\/div><div class='av-image-hotspot-pulse' ><\/div><\/div><div class='av-image-hotspot' data-avia-tooltip-position='top' data-avia-tooltip-alignment='left' data-avia-tooltip-class='av-tt-default-width av-tt-pos-above av-tt-align-left  av-mobile-fallback-active  main_color av-tt-hotspot' data-avia-tooltip='&lt;p&gt;&lt;b&gt;BAHRAIN&lt;\/b&gt;&lt;\/p&gt;\n' style='top: 49.3%; left: 60.3%; '><div class='av-image-hotspot_inner' style='background-color: #ec1d25; '>13<\/div><div class='av-image-hotspot-pulse' ><\/div><\/div><div class='av-image-hotspot' data-avia-tooltip-position='top' data-avia-tooltip-alignment='left' data-avia-tooltip-class='av-tt-default-width av-tt-pos-above av-tt-align-left  av-mobile-fallback-active  main_color av-tt-hotspot' data-avia-tooltip='&lt;p&gt;&lt;b&gt;BEIRUT&lt;\/b&gt;&lt;\/p&gt;\n' style='top: 45.6%; left: 56.3%; '><div class='av-image-hotspot_inner' style='background-color: #ec1d25; '>14<\/div><div class='av-image-hotspot-pulse' ><\/div><\/div><div class='av-image-hotspot' data-avia-tooltip-position='top' data-avia-tooltip-alignment='left' data-avia-tooltip-class='av-tt-default-width av-tt-pos-above av-tt-align-left  av-mobile-fallback-active  main_color av-tt-hotspot' data-avia-tooltip='&lt;p&gt;&lt;b&gt;JEDDAH&lt;\/b&gt;&lt;\/p&gt;\n' style='top: 50.7%; left: 57.3%; '><div class='av-image-hotspot_inner' style='background-color: #ec1d25; '>15<\/div><div class='av-image-hotspot-pulse' ><\/div><\/div><div class='av-image-hotspot' data-avia-tooltip-position='top' data-avia-tooltip-alignment='left' data-avia-tooltip-class='av-tt-default-width av-tt-pos-above av-tt-align-left  av-mobile-fallback-active  main_color av-tt-hotspot' data-avia-tooltip='&lt;p&gt;&lt;b&gt;YEKATERINBURG&lt;\/b&gt;&lt;\/p&gt;\n' style='top: 32.3%; left: 63.2%; '><div class='av-image-hotspot_inner' style='background-color: #ec1d25; '>16<\/div><div class='av-image-hotspot-pulse' ><\/div><\/div><div class='av-image-hotspot' data-avia-tooltip-position='top' data-avia-tooltip-alignment='left' data-avia-tooltip-class='av-tt-default-width av-tt-pos-above av-tt-align-left  av-mobile-fallback-active  main_color av-tt-hotspot' data-avia-tooltip='&lt;p&gt;&lt;b&gt;TIANJIN&lt;b&gt;&lt;\/b&gt;&lt;\/b&gt;&lt;\/p&gt;\n' style='top: 44.1%; left: 77.8%; '><div class='av-image-hotspot_inner' style='background-color: #ec1d25; '>17<\/div><div class='av-image-hotspot-pulse' ><\/div><\/div><div class='av-image-hotspot' data-avia-tooltip-position='top' data-avia-tooltip-alignment='left' data-avia-tooltip-class='av-tt-default-width av-tt-pos-above av-tt-align-left  av-mobile-fallback-active  main_color av-tt-hotspot' data-avia-tooltip='&lt;p&gt;&lt;b&gt;XI\u2019AN&lt;b&gt;&lt;\/b&gt;&lt;\/b&gt;&lt;\/p&gt;\n' style='top: 44.8%; left: 75.4%; '><div class='av-image-hotspot_inner' style='background-color: #ec1d25; '>18<\/div><div class='av-image-hotspot-pulse' ><\/div><\/div><div class='av-image-hotspot' data-avia-tooltip-position='top' data-avia-tooltip-alignment='left' data-avia-tooltip-class='av-tt-default-width av-tt-pos-above av-tt-align-left  av-mobile-fallback-active  main_color av-tt-hotspot' data-avia-tooltip='&lt;p&gt;&lt;b&gt;LONDRA&lt;\/b&gt;&lt;\/p&gt;\n' style='top: 35.4%; left: 46.1%; '><div class='av-image-hotspot_inner' style='background-color: #ec1d25; '>19<\/div><div class='av-image-hotspot-pulse' ><\/div><\/div><img class='avia_image ' src='https:\/\/www.alessandradainelli.com\/wp-content\/uploads\/2018\/07\/cartina-grigia-copia.png' alt='' title=''   itemprop=\"thumbnailUrl\"  \/><\/div><\/div><\/div><div class='av-hotspot-fallback-tooltip'><div class='av-hotspot-fallback-tooltip-count'>1<div class='avia-arrow'><\/div><\/div><div class='av-hotspot-fallback-tooltip-inner clearfix'><p>\n<b>TOKYO<b><\/b><\/b><\/p>\n<\/div><\/div><div class='av-hotspot-fallback-tooltip'><div class='av-hotspot-fallback-tooltip-count'>2<div class='avia-arrow'><\/div><\/div><div class='av-hotspot-fallback-tooltip-inner clearfix'><p>\n<b>PARIS<\/b><\/p>\n<\/div><\/div><div class='av-hotspot-fallback-tooltip'><div class='av-hotspot-fallback-tooltip-count'>3<div class='avia-arrow'><\/div><\/div><div class='av-hotspot-fallback-tooltip-inner clearfix'><p>\n<b>LOS ANGELES<b><\/b><\/b><\/p>\n<\/div><\/div><div class='av-hotspot-fallback-tooltip'><div class='av-hotspot-fallback-tooltip-count'>4<div class='avia-arrow'><\/div><\/div><div class='av-hotspot-fallback-tooltip-inner clearfix'><p>\n<b>ATHENS<\/b><\/p>\n<\/div><\/div><div class='av-hotspot-fallback-tooltip'><div class='av-hotspot-fallback-tooltip-count'>5<div class='avia-arrow'><\/div><\/div><div class='av-hotspot-fallback-tooltip-inner clearfix'><p>\n<b>CHICAGO<\/b><\/p>\n<\/div><\/div><div class='av-hotspot-fallback-tooltip'><div class='av-hotspot-fallback-tooltip-count'>6<div class='avia-arrow'><\/div><\/div><div class='av-hotspot-fallback-tooltip-inner clearfix'><p>\n<b>KIEV<\/b><\/p>\n<\/div><\/div><div class='av-hotspot-fallback-tooltip'><div class='av-hotspot-fallback-tooltip-count'>7<div class='avia-arrow'><\/div><\/div><div class='av-hotspot-fallback-tooltip-inner clearfix'><p>\n<b>BERLIN<\/b><\/p>\n<\/div><\/div><div class='av-hotspot-fallback-tooltip'><div class='av-hotspot-fallback-tooltip-count'>8<div class='avia-arrow'><\/div><\/div><div class='av-hotspot-fallback-tooltip-inner clearfix'><p>\n<b>ITALY<\/b><\/p>\n<\/div><\/div><div class='av-hotspot-fallback-tooltip'><div class='av-hotspot-fallback-tooltip-count'>9<div class='avia-arrow'><\/div><\/div><div class='av-hotspot-fallback-tooltip-inner clearfix'><p>\n<b>ST PETERSBURG<\/b><\/p>\n<\/div><\/div><div class='av-hotspot-fallback-tooltip'><div class='av-hotspot-fallback-tooltip-count'>10<div class='avia-arrow'><\/div><\/div><div class='av-hotspot-fallback-tooltip-inner clearfix'><p>\n<b>MEXICO CITY<\/b><\/p>\n<\/div><\/div><div class='av-hotspot-fallback-tooltip'><div class='av-hotspot-fallback-tooltip-count'>11<div class='avia-arrow'><\/div><\/div><div class='av-hotspot-fallback-tooltip-inner clearfix'><p>\n<b>SEOUL<\/b><\/p>\n<\/div><\/div><div class='av-hotspot-fallback-tooltip'><div class='av-hotspot-fallback-tooltip-count'>12<div class='avia-arrow'><\/div><\/div><div class='av-hotspot-fallback-tooltip-inner clearfix'><p>\n<b>BUCAREST<\/b><\/p>\n<\/div><\/div><div class='av-hotspot-fallback-tooltip'><div class='av-hotspot-fallback-tooltip-count'>13<div class='avia-arrow'><\/div><\/div><div class='av-hotspot-fallback-tooltip-inner clearfix'><p>\n<b>BAHRAIN<\/b><\/p>\n<\/div><\/div><div class='av-hotspot-fallback-tooltip'><div class='av-hotspot-fallback-tooltip-count'>14<div class='avia-arrow'><\/div><\/div><div class='av-hotspot-fallback-tooltip-inner clearfix'><p>\n<b>BEIRUT<\/b><\/p>\n<\/div><\/div><div class='av-hotspot-fallback-tooltip'><div class='av-hotspot-fallback-tooltip-count'>15<div class='avia-arrow'><\/div><\/div><div class='av-hotspot-fallback-tooltip-inner clearfix'><p>\n<b>JEDDAH<\/b><\/p>\n<\/div><\/div><div class='av-hotspot-fallback-tooltip'><div class='av-hotspot-fallback-tooltip-count'>16<div class='avia-arrow'><\/div><\/div><div class='av-hotspot-fallback-tooltip-inner clearfix'><p>\n<b>YEKATERINBURG<\/b><\/p>\n<\/div><\/div><div class='av-hotspot-fallback-tooltip'><div class='av-hotspot-fallback-tooltip-count'>17<div class='avia-arrow'><\/div><\/div><div class='av-hotspot-fallback-tooltip-inner clearfix'><p>\n<b>TIANJIN<b><\/b><\/b><\/p>\n<\/div><\/div><div class='av-hotspot-fallback-tooltip'><div class='av-hotspot-fallback-tooltip-count'>18<div class='avia-arrow'><\/div><\/div><div class='av-hotspot-fallback-tooltip-inner clearfix'><p>\n<b>XI\u2019AN<b><\/b><\/b><\/p>\n<\/div><\/div><div class='av-hotspot-fallback-tooltip'><div class='av-hotspot-fallback-tooltip-count'>19<div class='avia-arrow'><\/div><\/div><div class='av-hotspot-fallback-tooltip-inner clearfix'><p>\n<b>LONDRA<\/b><\/p>\n<\/div><\/div><\/div>\n","protected":false},"excerpt":{"rendered":"","protected":false},"author":1,"featured_media":4419,"parent":0,"menu_order":0,"comment_status":"closed","ping_status":"closed","template":"","meta":[],"_links":{"self":[{"href":"https:\/\/www.alessandradainelli.com\/index.php\/wp-json\/wp\/v2\/pages\/2"}],"collection":[{"href":"https:\/\/www.alessandradainelli.com\/index.php\/wp-json\/wp\/v2\/pages"}],"about":[{"href":"https:\/\/www.alessandradainelli.com\/index.php\/wp-json\/wp\/v2\/types\/page"}],"author":[{"embeddable":true,"href":"https:\/\/www.alessandradainelli.com\/index.php\/wp-json\/wp\/v2\/users\/1"}],"replies":[{"embeddable":true,"href":"https:\/\/www.alessandradainelli.com\/index.php\/wp-json\/wp\/v2\/comments?post=2"}],"version-history":[{"count":131,"href":"https:\/\/www.alessandradainelli.com\/index.php\/wp-json\/wp\/v2\/pages\/2\/revisions"}],"predecessor-version":[{"id":4347,"href":"https:\/\/www.alessandradainelli.com\/index.php\/wp-json\/wp\/v2\/pages\/2\/revisions\/4347"}],"wp:featuredmedia":[{"embeddable":true,"href":"https:\/\/www.alessandradainelli.com\/index.php\/wp-json\/wp\/v2\/media\/4419"}],"wp:attachment":[{"href":"https:\/\/www.alessandradainelli.com\/index.php\/wp-json\/wp\/v2\/media?parent=2"}],"curies":[{"name":"wp","href":"https:\/\/api.w.org\/{rel}","templated":true}]}}